{"id":8915,"date":"2021-03-26T07:10:41","date_gmt":"2021-03-26T07:10:41","guid":{"rendered":"https:\/\/www.fercuinmoblescuina.com\/materials\/"},"modified":"2021-05-04T11:31:40","modified_gmt":"2021-05-04T11:31:40","slug":"materials","status":"publish","type":"page","link":"https:\/\/www.fercuinmoblescuina.com\/es\/materials\/","title":{"rendered":"Materiales"},"content":{"rendered":"<div class=\"wpb-content-wrapper\"><p>[vc_section full_width=\u00bbstretch_row_content\u00bb css=\u00bb.vc_custom_1616603541735{padding-top: 0px !important;}\u00bb][vc_row][vc_column]\n\t\t\t<!-- START materials REVOLUTION SLIDER 6.7.37 --><p class=\"rs-p-wp-fix\"><\/p>\n\t\t\t<rs-module-wrap id=\"rev_slider_4_1_wrapper\" data-source=\"gallery\" style=\"visibility:hidden;background:transparent;padding:0;margin:0px auto;margin-top:0;margin-bottom:0;\">\n\t\t\t\t<rs-module id=\"rev_slider_4_1\" style=\"\" data-version=\"6.7.37\">\n\t\t\t\t\t<rs-slides style=\"overflow: hidden; position: absolute;\">\n\t\t\t\t\t\t<rs-slide style=\"position: absolute;\" data-key=\"rs-10\" data-title=\"Slide\" data-thumb=\"\/\/www.fercuinmoblescuina.com\/wp-content\/uploads\/2021\/03\/SAPIENSTONE-dark-marquina-50x100.jpg\" data-anim=\"adpr:false;ms:1000ms;\" data-in=\"o:0;\" data-out=\"a:false;\">\n\t\t\t\t\t\t\t<img decoding=\"async\" src=\"\/\/www.fercuinmoblescuina.com\/wp-content\/plugins\/revslider\/sr6\/assets\/assets\/dummy.png\" alt=\"\" title=\"SAPIENSTONE-dark-marquina\" width=\"1440\" height=\"678\" class=\"rev-slidebg tp-rs-img rs-lazyload\" data-lazyload=\"\/\/www.fercuinmoblescuina.com\/wp-content\/uploads\/2021\/03\/SAPIENSTONE-dark-marquina.jpg\" data-no-retina>\n<!---->\t\t\t\t\t<\/rs-slide>\n\t\t\t\t\t\t<rs-slide style=\"position: absolute;\" data-key=\"rs-11\" data-title=\"Slide\" data-thumb=\"\/\/www.fercuinmoblescuina.com\/wp-content\/uploads\/2021\/03\/NEOLITH-calatorao-50x100.jpg\" data-anim=\"adpr:false;ms:1000ms;\" data-in=\"o:0;\" data-out=\"a:false;\">\n\t\t\t\t\t\t\t<img decoding=\"async\" src=\"\/\/www.fercuinmoblescuina.com\/wp-content\/plugins\/revslider\/sr6\/assets\/assets\/dummy.png\" alt=\"\" title=\"NEOLITH-calatorao\" width=\"2500\" height=\"1172\" class=\"rev-slidebg tp-rs-img rs-lazyload\" data-lazyload=\"\/\/www.fercuinmoblescuina.com\/wp-content\/uploads\/2021\/03\/NEOLITH-calatorao.jpg\" data-no-retina>\n<!---->\t\t\t\t\t<\/rs-slide>\n\t\t\t\t\t\t<rs-slide style=\"position: absolute;\" data-key=\"rs-12\" data-title=\"Slide\" data-thumb=\"\/\/www.fercuinmoblescuina.com\/wp-content\/uploads\/2021\/03\/Neolith-estatuario-e01r-50x100.jpg\" data-anim=\"adpr:false;ms:1000ms;\" data-in=\"o:0;\" data-out=\"a:false;\">\n\t\t\t\t\t\t\t<img decoding=\"async\" src=\"\/\/www.fercuinmoblescuina.com\/wp-content\/plugins\/revslider\/sr6\/assets\/assets\/dummy.png\" alt=\"\" title=\"Neolith estatuario-e01r\" width=\"2500\" height=\"1172\" class=\"rev-slidebg tp-rs-img rs-lazyload\" data-lazyload=\"\/\/www.fercuinmoblescuina.com\/wp-content\/uploads\/2021\/03\/Neolith-estatuario-e01r.jpg\" data-no-retina>\n<!---->\t\t\t\t\t<\/rs-slide>\n\t\t\t\t\t\t<rs-slide style=\"position: absolute;\" data-key=\"rs-13\" data-title=\"Slide\" data-thumb=\"\/\/www.fercuinmoblescuina.com\/wp-content\/uploads\/2021\/03\/NEOLITH-iron-moss-50x100.jpg\" data-anim=\"adpr:false;ms:1000ms;\" data-in=\"o:0;\" data-out=\"a:false;\">\n\t\t\t\t\t\t\t<img decoding=\"async\" src=\"\/\/www.fercuinmoblescuina.com\/wp-content\/plugins\/revslider\/sr6\/assets\/assets\/dummy.png\" alt=\"\" title=\"NEOLITH-iron-moss\" width=\"2500\" height=\"1172\" class=\"rev-slidebg tp-rs-img rs-lazyload\" data-lazyload=\"\/\/www.fercuinmoblescuina.com\/wp-content\/uploads\/2021\/03\/NEOLITH-iron-moss.jpg\" data-no-retina>\n<!---->\t\t\t\t\t<\/rs-slide>\n\t\t\t\t\t\t<rs-slide style=\"position: absolute;\" data-key=\"rs-14\" data-title=\"Slide\" data-thumb=\"\/\/www.fercuinmoblescuina.com\/wp-content\/uploads\/2021\/03\/bianco-lasa-50x100.jpg\" data-anim=\"adpr:false;ms:1000ms;\" data-in=\"o:0;\" data-out=\"a:false;\">\n\t\t\t\t\t\t\t<img decoding=\"async\" src=\"\/\/www.fercuinmoblescuina.com\/wp-content\/plugins\/revslider\/sr6\/assets\/assets\/dummy.png\" alt=\"\" title=\"bianco-lasa\" width=\"1280\" height=\"600\" class=\"rev-slidebg tp-rs-img rs-lazyload\" data-lazyload=\"\/\/www.fercuinmoblescuina.com\/wp-content\/uploads\/2021\/03\/bianco-lasa.jpg\" data-no-retina>\n<!---->\t\t\t\t\t<\/rs-slide>\n\t\t\t\t\t\t<rs-slide style=\"position: absolute;\" data-key=\"rs-15\" data-title=\"Slide\" data-thumb=\"\/\/www.fercuinmoblescuina.com\/wp-content\/uploads\/2021\/03\/SAPIENSTONE-black-diamond-50x100.jpg\" data-anim=\"adpr:false;ms:1000ms;\" data-in=\"o:0;\" data-out=\"a:false;\">\n\t\t\t\t\t\t\t<img decoding=\"async\" src=\"\/\/www.fercuinmoblescuina.com\/wp-content\/plugins\/revslider\/sr6\/assets\/assets\/dummy.png\" alt=\"\" title=\"SAPIENSTONE black-diamond\" width=\"1280\" height=\"609\" class=\"rev-slidebg tp-rs-img rs-lazyload\" data-lazyload=\"\/\/www.fercuinmoblescuina.com\/wp-content\/uploads\/2021\/03\/SAPIENSTONE-black-diamond.jpg\" data-no-retina>\n<!---->\t\t\t\t\t<\/rs-slide>\n\t\t\t\t\t\t<rs-slide style=\"position: absolute;\" data-key=\"rs-16\" data-title=\"Slide\" data-thumb=\"\/\/www.fercuinmoblescuina.com\/wp-content\/uploads\/2021\/03\/rovere-buckskin-50x100.jpg\" data-anim=\"adpr:false;ms:1000ms;\" data-in=\"o:0;\" data-out=\"a:false;\">\n\t\t\t\t\t\t\t<img decoding=\"async\" src=\"\/\/www.fercuinmoblescuina.com\/wp-content\/plugins\/revslider\/sr6\/assets\/assets\/dummy.png\" alt=\"\" title=\"rovere-buckskin\" width=\"1440\" height=\"678\" class=\"rev-slidebg tp-rs-img rs-lazyload\" data-lazyload=\"\/\/www.fercuinmoblescuina.com\/wp-content\/uploads\/2021\/03\/rovere-buckskin.jpg\" data-no-retina>\n<!---->\t\t\t\t\t<\/rs-slide>\n\t\t\t\t\t<\/rs-slides>\n\t\t\t\t<\/rs-module>\n\t\t\t\t<script>\n\t\t\t\t\tsetREVStartSize({c: 'rev_slider_4_1',rl:[1240,1024,778,480],el:[600],gw:[1693],gh:[600],type:'standard',justify:'',layout:'fullwidth',mh:\"0\"});if (window.RS_MODULES!==undefined && window.RS_MODULES.modules!==undefined && window.RS_MODULES.modules[\"revslider41\"]!==undefined) {window.RS_MODULES.modules[\"revslider41\"].once = false;window.revapi4 = undefined;if (window.RS_MODULES.checkMinimal!==undefined) window.RS_MODULES.checkMinimal()}\n\t\t\t\t<\/script>\n\t\t\t<\/rs-module-wrap>\n\t\t\t<!-- END REVOLUTION SLIDER -->\n[\/vc_column][\/vc_row][\/vc_section][vc_section][vc_row][vc_column][vc_empty_space height=\u00bb80px\u00bb]<div class=\"wpb_content_element \"><style type=\"text\/css\">#ut_header_69eb0d190f8a0.pt-style-2 .page-title span:after, #ut_header_69eb0d190f8a0.pt-style-2 .parallax-title span:after, #ut_header_69eb0d190f8a0.pt-style-2 .section-title span:after { height:5px;}<\/style><header id=\"ut_header_69eb0d190f8a0\" class=\"section-header  ut-no-title-linebreak-mobile ut-no-lead-linebreak-mobile pt-style-2 header-center header-tablet-center header-mobile-center element-with-custom-line-height\"><div class=\"element-with-custom-line-height\" ><h2 data-title=\"Porcel\u00e1nicos\"  data-responsive-font=\"section_title\" class=\"section-title  \"><span>Porcel\u00e1nicos<\/span><\/h2><\/div><div data-delay=\"0\" class=\"lead \"><p>Los mostradores de porcel\u00e1nicos tienen una agradable textura y m\u00e1s sus caracter\u00edsticas t\u00e9cnicas hacen de este material el m\u00e1s resistente que existe actualmente en el mercado.<br \/>\nEntre otras ventajas, es altamente resistente a los ara\u00f1azos y las altas temperaturas.<br \/>\nAl ser un material no poroso, evita las bacterias, es resistente a las manchas y f\u00e1cil de limpiar.<\/p>\n<\/div><\/header><\/div>[\/vc_column][\/vc_row][\/vc_section][vc_section][vc_row equal_height=\u00bbyes\u00bb][vc_column width=\u00bb1\/2&#8243;]<div  class=\"wpb_content_element   vc_custom_1616745647209 clearfix\"><style type=\"text\/css\">#ut_am_69eb0d191c19f { opacity: 1; }#ut_am_wrap_69eb0d191c1a3 .ut-image-gallery-item-caption-title h3 { letter-spacing: 0em; }#ut_am_wrap_69eb0d191c1a3 .ut-gallery-slider-caption { font-weight: bold; }#ut_am_wrap_69eb0d191c1a3 { text-align: center; }@media (min-width: 768px) and (max-width: 1024px) { #ut_am_wrap_69eb0d191c1a3 { text-align: center !important; } }@media (max-width: 767px) { #ut_am_wrap_69eb0d191c1a3 { text-align: center !important; } }<\/style><div id=\"ut_am_wrap_69eb0d191c1a3\" class=\"ut-image-gallery-image \"><div id=\"ut_reveal_69eb0d191c1a4\"  data-appear-top-offset=\"auto\" class=\"ut-animated-image-item ut-image-gallery-item ut-animation-done \"><a class=\"ut-deactivated-link\" href=\"#\"><div class=\"ut-animated-image-zoom\"><img loading=\"lazy\" decoding=\"async\" class=\"ut-lazy skip-lazy ut-animated-image \"  id=\"ut_am_69eb0d191c19f\" src=\"data:image\/svg+xml;charset=utf-8,%3Csvg xmlns%3D'http%3A%2F%2Fwww.w3.org%2F2000%2Fsvg' viewBox%3D'0 0 800 600'%2F%3E\" data-src=\"https:\/\/www.fercuinmoblescuina.com\/wp-content\/uploads\/2021\/03\/neolith.jpg\" width=\"800\" height=\"600\" alt=\"\"\/><\/div><\/a><\/div><\/div><\/div><div  class=\"wpb_content_element   vc_custom_1616745694442 clearfix\"><style type=\"text\/css\">#ut_am_69eb0d191de0b { opacity: 1; }#ut_am_wrap_69eb0d191de0e .ut-image-gallery-item-caption-title h3 { letter-spacing: 0em; }#ut_am_wrap_69eb0d191de0e .ut-gallery-slider-caption { font-weight: bold; }#ut_am_wrap_69eb0d191de0e { text-align: left; }@media (min-width: 768px) and (max-width: 1024px) { #ut_am_wrap_69eb0d191de0e { text-align: left !important; } }@media (max-width: 767px) { #ut_am_wrap_69eb0d191de0e { text-align: center !important; } }<\/style><div id=\"ut_am_wrap_69eb0d191de0e\" class=\"ut-image-gallery-image \"><div id=\"ut_reveal_69eb0d191de0f\"  data-appear-top-offset=\"auto\" class=\"ut-animated-image-item ut-image-gallery-item ut-animation-done \"><a class=\"ut-deactivated-link\" href=\"#\"><div class=\"ut-animated-image-zoom\"><img loading=\"lazy\" decoding=\"async\" class=\"ut-lazy skip-lazy ut-animated-image \"  id=\"ut_am_69eb0d191de0b\" src=\"data:image\/svg+xml;charset=utf-8,%3Csvg xmlns%3D'http%3A%2F%2Fwww.w3.org%2F2000%2Fsvg' viewBox%3D'0 0 249 100'%2F%3E\" data-src=\"https:\/\/www.fercuinmoblescuina.com\/wp-content\/uploads\/2021\/03\/neolith-1-249x100.jpg\" width=\"249\" height=\"100\" alt=\"\"\/><\/div><\/a><\/div><\/div><\/div>[vc_column_text css=\u00bb.vc_custom_1620127809880{padding-top: 0px !important;padding-bottom: 0px !important;}\u00bb]Da vida a una superficie con una resistencia extrema a los ara\u00f1azos, a las altas temperaturas, a los qu\u00edmicos y rayos UV, adem\u00e1s de ser resistente a las manchas y tener una absorci\u00f3n pr\u00e1cticamente nula, gracias a su porosidad casi del 0%.[\/vc_column_text][\/vc_column][vc_column width=\u00bb1\/2&#8243;]<div  class=\"wpb_content_element   vc_custom_1616755954115 clearfix\"><style type=\"text\/css\">#ut_am_69eb0d191ea67 { opacity: 1; }#ut_am_wrap_69eb0d191ea6a .ut-image-gallery-item-caption-title h3 { letter-spacing: 0em; }#ut_am_wrap_69eb0d191ea6a .ut-gallery-slider-caption { font-weight: bold; }#ut_am_wrap_69eb0d191ea6a { text-align: center; }@media (min-width: 768px) and (max-width: 1024px) { #ut_am_wrap_69eb0d191ea6a { text-align: center !important; } }@media (max-width: 767px) { #ut_am_wrap_69eb0d191ea6a { text-align: center !important; } }<\/style><div id=\"ut_am_wrap_69eb0d191ea6a\" class=\"ut-image-gallery-image \"><div id=\"ut_reveal_69eb0d191ea6b\"  data-appear-top-offset=\"auto\" class=\"ut-animated-image-item ut-image-gallery-item ut-animation-done \"><a class=\"ut-deactivated-link\" href=\"#\"><div class=\"ut-animated-image-zoom\"><img loading=\"lazy\" decoding=\"async\" class=\"ut-lazy skip-lazy ut-animated-image \"  id=\"ut_am_69eb0d191ea67\" src=\"data:image\/svg+xml;charset=utf-8,%3Csvg xmlns%3D'http%3A%2F%2Fwww.w3.org%2F2000%2Fsvg' viewBox%3D'0 0 800 600'%2F%3E\" data-src=\"https:\/\/www.fercuinmoblescuina.com\/wp-content\/uploads\/2021\/03\/lapitec.jpg\" width=\"800\" height=\"600\" alt=\"\"\/><\/div><\/a><\/div><\/div><\/div><div  class=\"wpb_content_element   vc_custom_1616755990295 clearfix\"><style type=\"text\/css\">#ut_am_69eb0d1920d11 { opacity: 1; }#ut_am_wrap_69eb0d1920d14 .ut-image-gallery-item-caption-title h3 { letter-spacing: 0em; }#ut_am_wrap_69eb0d1920d14 .ut-gallery-slider-caption { font-weight: bold; }#ut_am_wrap_69eb0d1920d14 { text-align: left; }@media (min-width: 768px) and (max-width: 1024px) { #ut_am_wrap_69eb0d1920d14 { text-align: left !important; } }@media (max-width: 767px) { #ut_am_wrap_69eb0d1920d14 { text-align: center !important; } }<\/style><div id=\"ut_am_wrap_69eb0d1920d14\" class=\"ut-image-gallery-image \"><div id=\"ut_reveal_69eb0d1920d15\"  data-appear-top-offset=\"auto\" class=\"ut-animated-image-item ut-image-gallery-item ut-animation-done \"><a class=\"ut-deactivated-link\" href=\"#\"><div class=\"ut-animated-image-zoom\"><img loading=\"lazy\" decoding=\"async\" class=\"ut-lazy skip-lazy ut-animated-image \"  id=\"ut_am_69eb0d1920d11\" src=\"data:image\/svg+xml;charset=utf-8,%3Csvg xmlns%3D'http%3A%2F%2Fwww.w3.org%2F2000%2Fsvg' viewBox%3D'0 0 249 100'%2F%3E\" data-src=\"https:\/\/www.fercuinmoblescuina.com\/wp-content\/uploads\/2021\/03\/lapiteclogo-249x100.jpg\" width=\"249\" height=\"100\" alt=\"\"\/><\/div><\/a><\/div><\/div><\/div>[vc_column_text css=\u00bb.vc_custom_1620127842459{padding-top: 0px !important;padding-bottom: 0px !important;}\u00bb]Es una piedra innovadora de \u201ccuerpo completo\u201d en placas de gran formato, que combina el valor est\u00e9tico con las grandes y enormes propiedades f\u00edsicas y<br \/>\nmec\u00e1nicas, combinando el potencial del porcel\u00e1nico t\u00e9cnico con la consistencia, la capacidad de transformaci\u00f3n, la elegancia y la naturalidad de los colores y acabados t\u00edpicos de la piedra natural.[\/vc_column_text][\/vc_column][\/vc_row][vc_row equal_height=\u00bbyes\u00bb][vc_column width=\u00bb1\/2&#8243;]<div  class=\"wpb_content_element   vc_custom_1616756029086 clearfix\"><style type=\"text\/css\">#ut_am_69eb0d19219d6 { opacity: 1; }#ut_am_wrap_69eb0d19219d9 .ut-image-gallery-item-caption-title h3 { letter-spacing: 0em; }#ut_am_wrap_69eb0d19219d9 .ut-gallery-slider-caption { font-weight: bold; }#ut_am_wrap_69eb0d19219d9 { text-align: center; }@media (min-width: 768px) and (max-width: 1024px) { #ut_am_wrap_69eb0d19219d9 { text-align: center !important; } }@media (max-width: 767px) { #ut_am_wrap_69eb0d19219d9 { text-align: center !important; } }<\/style><div id=\"ut_am_wrap_69eb0d19219d9\" class=\"ut-image-gallery-image \"><div id=\"ut_reveal_69eb0d19219da\"  data-appear-top-offset=\"auto\" class=\"ut-animated-image-item ut-image-gallery-item ut-animation-done \"><a class=\"ut-deactivated-link\" href=\"#\"><div class=\"ut-animated-image-zoom\"><img loading=\"lazy\" decoding=\"async\" class=\"ut-lazy skip-lazy ut-animated-image \"  id=\"ut_am_69eb0d19219d6\" src=\"data:image\/svg+xml;charset=utf-8,%3Csvg xmlns%3D'http%3A%2F%2Fwww.w3.org%2F2000%2Fsvg' viewBox%3D'0 0 800 600'%2F%3E\" data-src=\"https:\/\/www.fercuinmoblescuina.com\/wp-content\/uploads\/2021\/03\/sapienstone.jpg\" width=\"800\" height=\"600\" alt=\"\"\/><\/div><\/a><\/div><\/div><\/div><div  class=\"wpb_content_element   vc_custom_1616756042030 clearfix\"><style type=\"text\/css\">#ut_am_69eb0d1923414 { opacity: 1; }#ut_am_wrap_69eb0d1923417 .ut-image-gallery-item-caption-title h3 { letter-spacing: 0em; }#ut_am_wrap_69eb0d1923417 .ut-gallery-slider-caption { font-weight: bold; }#ut_am_wrap_69eb0d1923417 { text-align: left; }@media (min-width: 768px) and (max-width: 1024px) { #ut_am_wrap_69eb0d1923417 { text-align: left !important; } }@media (max-width: 767px) { #ut_am_wrap_69eb0d1923417 { text-align: center !important; } }<\/style><div id=\"ut_am_wrap_69eb0d1923417\" class=\"ut-image-gallery-image \"><div id=\"ut_reveal_69eb0d1923418\"  data-appear-top-offset=\"auto\" class=\"ut-animated-image-item ut-image-gallery-item ut-animation-done \"><a class=\"ut-deactivated-link\" href=\"#\"><div class=\"ut-animated-image-zoom\"><img loading=\"lazy\" decoding=\"async\" class=\"ut-lazy skip-lazy ut-animated-image \"  id=\"ut_am_69eb0d1923414\" src=\"data:image\/svg+xml;charset=utf-8,%3Csvg xmlns%3D'http%3A%2F%2Fwww.w3.org%2F2000%2Fsvg' viewBox%3D'0 0 249 100'%2F%3E\" data-src=\"https:\/\/www.fercuinmoblescuina.com\/wp-content\/uploads\/2021\/03\/sapienstonelogo-249x100.jpg\" width=\"249\" height=\"100\" alt=\"\"\/><\/div><\/a><\/div><\/div><\/div>[vc_column_text css=\u00bb.vc_custom_1620127875333{padding-top: 0px !important;padding-bottom: 0px !important;}\u00bb]Propone una amplia gama de encimeras de cocina de gres porcel\u00e1nico de alta calidad que unen dise\u00f1o italiano, innovaci\u00f3n y cuidado de los detalles. Cumple con los requisitos m\u00e1s saberos en materia de resistencia, higiene y duraci\u00f3n. Las texturas y acabados reproducen fielmente los diferentes\u00a0 materiales: del m\u00e1rmol al cemento, de la piedra de lava al metal oxidado.[\/vc_column_text][\/vc_column][vc_column width=\u00bb1\/2&#8243;]<div  class=\"wpb_content_element   vc_custom_1616756094458 clearfix\"><style type=\"text\/css\">#ut_am_69eb0d1924078 { opacity: 1; }#ut_am_wrap_69eb0d192407b .ut-image-gallery-item-caption-title h3 { letter-spacing: 0em; }#ut_am_wrap_69eb0d192407b .ut-gallery-slider-caption { font-weight: bold; }#ut_am_wrap_69eb0d192407b { text-align: center; }@media (min-width: 768px) and (max-width: 1024px) { #ut_am_wrap_69eb0d192407b { text-align: center !important; } }@media (max-width: 767px) { #ut_am_wrap_69eb0d192407b { text-align: center !important; } }<\/style><div id=\"ut_am_wrap_69eb0d192407b\" class=\"ut-image-gallery-image \"><div id=\"ut_reveal_69eb0d192407c\"  data-appear-top-offset=\"auto\" class=\"ut-animated-image-item ut-image-gallery-item ut-animation-done \"><a class=\"ut-deactivated-link\" href=\"#\"><div class=\"ut-animated-image-zoom\"><img loading=\"lazy\" decoding=\"async\" class=\"ut-lazy skip-lazy ut-animated-image \"  id=\"ut_am_69eb0d1924078\" src=\"data:image\/svg+xml;charset=utf-8,%3Csvg xmlns%3D'http%3A%2F%2Fwww.w3.org%2F2000%2Fsvg' viewBox%3D'0 0 800 600'%2F%3E\" data-src=\"https:\/\/www.fercuinmoblescuina.com\/wp-content\/uploads\/2021\/03\/idylium.jpg\" width=\"800\" height=\"600\" alt=\"\"\/><\/div><\/a><\/div><\/div><\/div><div  class=\"wpb_content_element   vc_custom_1616756124419 clearfix\"><style type=\"text\/css\">#ut_am_69eb0d1925b83 { opacity: 1; }#ut_am_wrap_69eb0d1925b86 .ut-image-gallery-item-caption-title h3 { letter-spacing: 0em; }#ut_am_wrap_69eb0d1925b86 .ut-gallery-slider-caption { font-weight: bold; }#ut_am_wrap_69eb0d1925b86 { text-align: left; }@media (min-width: 768px) and (max-width: 1024px) { #ut_am_wrap_69eb0d1925b86 { text-align: left !important; } }@media (max-width: 767px) { #ut_am_wrap_69eb0d1925b86 { text-align: center !important; } }<\/style><div id=\"ut_am_wrap_69eb0d1925b86\" class=\"ut-image-gallery-image \"><div id=\"ut_reveal_69eb0d1925b87\"  data-appear-top-offset=\"auto\" class=\"ut-animated-image-item ut-image-gallery-item ut-animation-done \"><a class=\"ut-deactivated-link\" href=\"#\"><div class=\"ut-animated-image-zoom\"><img loading=\"lazy\" decoding=\"async\" class=\"ut-lazy skip-lazy ut-animated-image \"  id=\"ut_am_69eb0d1925b83\" src=\"data:image\/svg+xml;charset=utf-8,%3Csvg xmlns%3D'http%3A%2F%2Fwww.w3.org%2F2000%2Fsvg' viewBox%3D'0 0 249 100'%2F%3E\" data-src=\"https:\/\/www.fercuinmoblescuina.com\/wp-content\/uploads\/2021\/03\/idyliumlogo-249x100.jpg\" width=\"249\" height=\"100\" alt=\"\"\/><\/div><\/a><\/div><\/div><\/div>[vc_column_text css=\u00bb.vc_custom_1620127896542{padding-top: 0px !important;padding-bottom: 0px !important;}\u00bb]Una nueva piedra mineral que revoluciona la materia y la transforma en una obra de arte \u00fanica y atemporal.[\/vc_column_text][\/vc_column][\/vc_row][\/vc_section]<\/p>\n<\/div>","protected":false},"excerpt":{"rendered":"<p>[vc_section full_width=\u00bbstretch_row_content\u00bb css=\u00bb.vc_custom_1616603541735{padding-top: 0px !important;}\u00bb][vc_row][vc_column][\/vc_column][\/vc_row][\/vc_section][vc_section][vc_row][vc_column][vc_empty_space height=\u00bb80px\u00bb][\/vc_column][\/vc_row][\/vc_section][vc_section][vc_row equal_height=\u00bbyes\u00bb][vc_column width=\u00bb1\/2&#8243;][vc_column_text css=\u00bb.vc_custom_1620127809880{padding-top: 0px !important;padding-bottom: 0px !important;}\u00bb]Da vida a una superficie con una resistencia extrema a los ara\u00f1azos, a las altas temperaturas, a los qu\u00edmicos y rayos UV, adem\u00e1s de ser resistente a las manchas y tener una absorci\u00f3n pr\u00e1cticamente nula, gracias a su porosidad casi del 0%.[\/vc_column_text][\/vc_column][vc_column width=\u00bb1\/2&#8243;][vc_column_text [&hellip;]<\/p>\n","protected":false},"author":1,"featured_media":0,"parent":0,"menu_order":0,"comment_status":"closed","ping_status":"closed","template":"","meta":{"footnotes":""},"class_list":["post-8915","page","type-page","status-publish","hentry"],"_links":{"self":[{"href":"https:\/\/www.fercuinmoblescuina.com\/es\/wp-json\/wp\/v2\/pages\/8915","targetHints":{"allow":["GET"]}}],"collection":[{"href":"https:\/\/www.fercuinmoblescuina.com\/es\/wp-json\/wp\/v2\/pages"}],"about":[{"href":"https:\/\/www.fercuinmoblescuina.com\/es\/wp-json\/wp\/v2\/types\/page"}],"author":[{"embeddable":true,"href":"https:\/\/www.fercuinmoblescuina.com\/es\/wp-json\/wp\/v2\/users\/1"}],"replies":[{"embeddable":true,"href":"https:\/\/www.fercuinmoblescuina.com\/es\/wp-json\/wp\/v2\/comments?post=8915"}],"version-history":[{"count":4,"href":"https:\/\/www.fercuinmoblescuina.com\/es\/wp-json\/wp\/v2\/pages\/8915\/revisions"}],"predecessor-version":[{"id":8920,"href":"https:\/\/www.fercuinmoblescuina.com\/es\/wp-json\/wp\/v2\/pages\/8915\/revisions\/8920"}],"wp:attachment":[{"href":"https:\/\/www.fercuinmoblescuina.com\/es\/wp-json\/wp\/v2\/media?parent=8915"}],"curies":[{"name":"wp","href":"https:\/\/api.w.org\/{rel}","templated":true}]}}