{"id":8937,"date":"2021-04-27T09:26:52","date_gmt":"2021-04-27T09:26:52","guid":{"rendered":"https:\/\/www.fercuinmoblescuina.com\/politica-de-cookies\/"},"modified":"2021-05-04T16:12:06","modified_gmt":"2021-05-04T16:12:06","slug":"politica-de-cookies","status":"publish","type":"page","link":"https:\/\/www.fercuinmoblescuina.com\/es\/politica-de-cookies\/","title":{"rendered":"Pol\u00edtica de cookies"},"content":{"rendered":"<div class=\"wpb-content-wrapper\"><p>[vc_section css=\u00bb.vc_custom_1619515098517{padding-bottom: 30px !important;}\u00bb][vc_row][vc_column]<div class=\"wpb_content_element \"><style type=\"text\/css\">#ut_header_6a00869f78a0f h2.section-title{ font-size: 35px }@media (min-width: 768px) { #ut_header_6a00869f78a0f h2.section-title { line-height: 30px !important; } }#ut_header_6a00869f78a0f.pt-style-2 .page-title span:after, #ut_header_6a00869f78a0f.pt-style-2 .parallax-title span:after, #ut_header_6a00869f78a0f.pt-style-2 .section-title span:after { height:3px;width:65%;}<\/style><header id=\"ut_header_6a00869f78a0f\" class=\"section-header  ut-no-title-linebreak-mobile ut-no-lead-linebreak-mobile pt-style-2 header-center header-tablet-center header-mobile-center element-with-custom-line-height\"><div class=\"element-with-custom-line-height element-with-custom-line-height\" ><h2 data-title=\"Pol\u00edtica de cookies\"  data-responsive-font=\"section_title\" data-responsive-font-settings=\"{&quot;base-font-size&quot;:&quot;35&quot;,&quot;base-line-height&quot;:&quot;30&quot;}\" class=\"section-title  \"><span>Pol\u00edtica de cookies<\/span><\/h2><\/div><\/header><\/div>[\/vc_column][\/vc_row][\/vc_section][vc_row][vc_column][vc_column_text]<strong> \u00bfQu\u00e9 son las cookies?\u00a0<\/strong><\/p>\n<p>Las cookies son peque\u00f1os archivos con informaci\u00f3n que se almacenan en el navegador web al acceder y usar determinadas p\u00e1ginas web. Estos archivos permiten que las p\u00e1ginas web puedan recuperar informaci\u00f3n sobre tus h\u00e1bitos y preferencias de navegaci\u00f3n o sobre el dispositivo desde el que te conectas.<\/p>\n<p>A pesar de que son fundamentales para prestar un buen servicio, en funci\u00f3n del tipo de informaci\u00f3n que contengan pueden resultar peligrosas para tu privacidad. Por este motivo, la legislaci\u00f3n espa\u00f1ola ha establecido que para instalar determinados tipos de cookies en el navegador de los usuarios es necesario informar previamente y obtener el consentimiento de \u00e9stos. Mediante la presente Pol\u00edtica de cookies queremos informarte claramente y de manera suficiente sobre el tipo de cookies que empleamos en este sitio web.<\/p>\n<p><strong> \u00bfQu\u00e9 tipo de cookies empleamos?\u00a0<\/strong><\/p>\n<p>En esta web empleamos cookies con el fin de facilitar su navegaci\u00f3n y proporcionarle una mejor experiencia de navegaci\u00f3n. Las cookies que empleamos se pueden dividir en las siguientes categor\u00edas:<\/p>\n<p>Seg\u00fan desde donde son enviadas:<\/p>\n<ol>\n<li><strong> Cookies propias:\u00a0 <\/strong>Son aquellas cookies que se env\u00edan al equipo terminal del usuario desde un equipo o dominio gestionado por nosotros y desde el que se presta el servicio solicitado por el usuario.<\/li>\n<li><strong><strong> Cookies de terceros:\u00a0 <\/strong><\/strong>Son aquellas cookies que se env\u00edan a su navegador desde un equipo o dominio que no es gestionado por nosotros, sino por otra entidad colaboradora.<\/li>\n<\/ol>\n<p><strong><strong><br \/>\nSeg\u00fan el plazo de tiempo que permanecen activadas:<\/strong><\/strong><\/p>\n<ol>\n<li style=\"list-style-type: none;\">\n<ol>\n<li><strong> Cookies de sesi\u00f3n : <\/strong>dise\u00f1adas para recabar y almacenar datos mientras el usuario accede a la p\u00e1gina web. Se suelen emplear para almacenar informaci\u00f3n que s\u00f3lo interesa conservar para la prestaci\u00f3n del servicio solicitado por el usuario en una sola ocasi\u00f3n.<\/li>\n<li><strong><strong><strong> Cookies persistentes:<\/strong><\/strong><\/strong> los datos siguen almacenados en el terminal y pueden ser accedidos y tratados durante un per\u00edodo definido por el responsable de la cookie, y que puede ir de unos minutos a varios a\u00f1os<strong><strong><strong>.<\/strong><\/strong><\/strong>Seg\u00fan su finalidad:\n<ol>\n<li><strong> Cookies t\u00e9cnicas:\u00a0 <\/strong>son esenciales para el funcionamiento de la web. Permiten al usuario la navegaci\u00f3n y la utilizaci\u00f3n de las diferentes opciones o servicios que existan como, por ejemplo, controlar el tr\u00e1fico y la comunicaci\u00f3n de datos, identificar la sesi\u00f3n, acceder a partes de acceso restringido, utilizar elementos de seguridad durante la navegaci\u00f3n o compartir contenidos a trav\u00e9s de redes sociales.<strong>\u00a0<\/strong><\/li>\n<li><strong> Cookies anal\u00edticas:\u00a0 <\/strong>tienen por finalidad analizar el comportamiento y el uso que hace el usuario de la Web. Permiten cuantificar el n\u00famero de usuarios que visitan el sitio web e identificar qu\u00e9 capas del sitio web son m\u00e1s visitadas y, por tanto, m\u00e1s populares.<\/li>\n<li><strong><strong><strong> Cookies de personalizaci\u00f3n:\u00a0<\/strong><\/strong><\/strong> permiten al usuario acceder al servicio con algunas caracter\u00edsticas de car\u00e1cter general predefinidas en funci\u00f3n de una serie de criterios en el terminal del usuario como por ejemplo ser\u00eda el idioma, el tipo de navegador a trav\u00e9s del cual accede al servicio, la configuraci\u00f3n regional des de donde accede al servicio, etc.El sitio web utiliza Google Analytics, un servicio anal\u00edtico de web prestado por Google, Inc., (en adelante, \u00abGoogle\u00bb) una compa\u00f1\u00eda de Delaware cuya oficina principal est\u00e1 en 1600 Amphitheatre Parkway, Mountain View (California ), CA 94043, Estados Unidos. Google Analytics emplea cookies para ayudar al sitio web a analizar el uso del mismo que hacen los usuarios. La informaci\u00f3n que genera la cookie acerca de su uso del sitio web ser\u00e1 directamente transmitida y archivada por Google en los servidores de Estados Unidos. Google usar\u00e1 esta informaci\u00f3n para seguir la pista de su uso del sitio web, recopilando informes de la actividad del sitio web y prestando otros servicios relacionados con la actividad del sitio web y el uso de Internet.Si desea obtener m\u00e1s informaci\u00f3n sobre el uso de cookies anal\u00edticas de Google empleadas en el sitio web, consulte el siguiente link:<a href=\"https:\/\/developers.google.com\/analytics\/devguides\/collection\/analyticsjs\/cookie-usage?hl=es\"> https:\/\/developers.google.com\/analytics\/devguides\/collection\/analyticsjs\/ cookie-usage? hl = es <\/a>.<strong> C\u00f3mo puedes controlar las cookies?\u00a0<\/strong>\u00c9s important que s\u00e0piga que en qualsevol moment pot escollir les prefer\u00e8ncies respecte al nostre portal i als tercers que instal\u00b7len cookies seguint qualsevol de les seg\u00fcents opcions:\n<ul>\n<li>Accedint a <strong>Configuraci\u00f3 cookies<\/strong>, l&#8217;enlla\u00e7 trobar\u00e0 al peu de la nostra p\u00e1gina<\/li>\n<li>Tamb\u00e9, pot modificar f\u00e0cilment les prefer\u00e8ncies del seu navegador per controlar vost\u00e8 mateix que cookies accedeixen al seu ordinador i quins prefereix limitar, podent certs serveis no quedar disponibles per a vost\u00e8<\/li>\n<\/ul>\n<p>Aquesta \u00faltima opci\u00f3 sol trobar-se en el men\u00fa de \u201copcions\u201d o \u201cprefer\u00e8ncies\u201d en els navegadors. Si empra algun dels seg\u00fcents, solament haur\u00e0 de seleccionar l&#8217;enlla\u00e7 i seguir les instruccions que des de la p\u00e0gina enlla\u00e7ada s&#8217;indiquin:<\/p>\n<ul>\n<li><a href=\"https:\/\/support.microsoft.com\/es-es\/help\/17442\/windows-internet-explorer-delete-manage-cookies\">Preferencias de\u00a0<em>cookies<\/em>\u00a0en Internet Explorer<\/a><\/li>\n<li><a href=\"https:\/\/privacy.microsoft.com\/es-ES\/windows-10-microsoft-edge-and-privacy\">Preferencias de Microsoft Edge<\/a><\/li>\n<li><a href=\"https:\/\/support.google.com\/chrome\/answer\/95647?co=GENIE.Platform%3DDesktop&amp;hl=es\">Preferencias de\u00a0<em>cookies<\/em>\u00a0en Chrome<\/a><\/li>\n<li><a href=\"https:\/\/support.mozilla.org\/es\/kb\/habilitar-y-deshabilitar-cookies-sitios-web-rastrear-preferencias\">Preferencias de\u00a0<em>cookies<\/em>\u00a0en Firefox<\/a><\/li>\n<li><a href=\"https:\/\/support.apple.com\/es-es\/HT201265\">Preferencias de\u00a0<em>cookies<\/em>\u00a0en Safari<\/a><\/li>\n<\/ul>\n<p>No obstant aix\u00f2, si canvies les teves prefer\u00e8ncies i limites l&#8217;acc\u00e9s de cookies al teu dispositiu, \u00e9s possible que algunes de les funcionalitats de la web deixin de funcionar i s&#8217;obstaculitzi per aix\u00f2 la seva navegaci\u00f3.<\/p>\n<p><strong>Modificacions de la Pol\u00edtica de cookies<\/strong><\/p>\n<p>Posem a la teva disposici\u00f3 la present Pol\u00edtica de cookies perqu\u00e8 puguis consultar-la, arxivar-la o imprimir-la sempre que ho estimis convenient. \u00c9s possible que la mateixa sofreixi modificacions com a conseq\u00fc\u00e8ncia de canvis en la p\u00e0gina web o en les cookies emprades, novetats legislatives o jurisprudencials o l&#8217;establiment de nous criteris de l&#8217;Ag\u00e8ncia Espanyola de Protecci\u00f3 de Dades o Autoritat de Control corresponent (www.aepd.es). Per aix\u00f2, ens reservem el dret a modificar la present Pol\u00edtica de cookies en qualsevol moment.<\/p>\n<p>Si desitja contactar amb nosaltres pel que fa la nostra pol\u00edtica de cookies, pot fer-ho en <a href=\"mailto:info@fercuinmoblescuina.com\">info@fercuinmoblescuina.com<\/a>.<\/li>\n<\/ol>\n<\/li>\n<\/ol>\n<\/li>\n<\/ol>\n<p>[\/vc_column_text][\/vc_column][\/vc_row][vc_row][vc_column][vc_column_text]<\/p>\n<p>[\/vc_column_text][\/vc_column][\/vc_row]<\/p>\n<\/div>","protected":false},"excerpt":{"rendered":"<p>[vc_section css=\u00bb.vc_custom_1619515098517{padding-bottom: 30px !important;}\u00bb][vc_row][vc_column][\/vc_column][\/vc_row][\/vc_section][vc_row][vc_column][vc_column_text] \u00bfQu\u00e9 son las cookies?\u00a0 Las cookies son peque\u00f1os archivos con informaci\u00f3n que se almacenan en el navegador web al acceder y usar determinadas p\u00e1ginas web. Estos archivos permiten que las p\u00e1ginas web puedan recuperar informaci\u00f3n sobre tus h\u00e1bitos y preferencias de navegaci\u00f3n o sobre el dispositivo desde el que te conectas. [&hellip;]<\/p>\n","protected":false},"author":1,"featured_media":0,"parent":0,"menu_order":0,"comment_status":"closed","ping_status":"open","template":"","meta":{"footnotes":""},"class_list":["post-8937","page","type-page","status-publish","hentry"],"_links":{"self":[{"href":"https:\/\/www.fercuinmoblescuina.com\/es\/wp-json\/wp\/v2\/pages\/8937","targetHints":{"allow":["GET"]}}],"collection":[{"href":"https:\/\/www.fercuinmoblescuina.com\/es\/wp-json\/wp\/v2\/pages"}],"about":[{"href":"https:\/\/www.fercuinmoblescuina.com\/es\/wp-json\/wp\/v2\/types\/page"}],"author":[{"embeddable":true,"href":"https:\/\/www.fercuinmoblescuina.com\/es\/wp-json\/wp\/v2\/users\/1"}],"replies":[{"embeddable":true,"href":"https:\/\/www.fercuinmoblescuina.com\/es\/wp-json\/wp\/v2\/comments?post=8937"}],"version-history":[{"count":6,"href":"https:\/\/www.fercuinmoblescuina.com\/es\/wp-json\/wp\/v2\/pages\/8937\/revisions"}],"predecessor-version":[{"id":8943,"href":"https:\/\/www.fercuinmoblescuina.com\/es\/wp-json\/wp\/v2\/pages\/8937\/revisions\/8943"}],"wp:attachment":[{"href":"https:\/\/www.fercuinmoblescuina.com\/es\/wp-json\/wp\/v2\/media?parent=8937"}],"curies":[{"name":"wp","href":"https:\/\/api.w.org\/{rel}","templated":true}]}}